{"id":154,"date":"2020-05-21T09:37:34","date_gmt":"2020-05-21T06:37:34","guid":{"rendered":"https:\/\/plostihotel.lv\/?page_id=154"},"modified":"2021-05-13T13:12:15","modified_gmt":"2021-05-13T10:12:15","slug":"par-plostiem","status":"publish","type":"page","link":"https:\/\/plostihotel.lv\/?page_id=154","title":{"rendered":"Par Mums"},"content":{"rendered":"\n<p class=\"has-suki-color-4-color has-text-color has-medium-font-size\"><strong><span class=\"has-inline-color has-suki-color-3-color\">Atkl\u0101jiet \u201cPlostus\u201d no jauna!<\/span><\/strong><\/p>\n\n\n\n<h4 class=\"has-suki-color-3-color has-text-color\">\u201cPlosti\u201d k\u0101 t\u016brisma un atp\u016btas b\u0101ze s\u0101ka darboties 20.gadsimta 60. gados un toreiz t\u0101s nosaukums bija atrodams ikvien\u0101 Latvijas t\u016brisma ce\u013cved\u012b. Gadiem ejot daudzas lietas ir main\u012bju\u0161\u0101s un ir ar\u012b v\u0113rt\u012bbas, kas ir iztur\u0113ju\u0161as laika p\u0101rbaudi. Esam priec\u012bgi par viesiem, kuri katru gadu iegrie\u017eas \u201cPlostos\u201d, lai baud\u012btu atp\u016btu pie dabas, ainavisko skatu no m\u0101ji\u0146u balkoniem vai laivo\u0161anu pa Abavu. Ir atjaunotas devi\u0146as m\u0101ji\u0146as un labiek\u0101rtota teritorija. Katra m\u0101ji\u0146a ir apr\u012bkota ar vis\u0101m labier\u012bc\u012bb\u0101m, gaisa kondicionieri, traukiem, t\u0113jkannu un mini ledusskapi. Vis\u0101 teritorij\u0101 ir pieejams bezvadu internets.<\/h4>\n\n\n\n<h4 class=\"has-suki-color-3-color has-text-color\">Br\u012bvdienu m\u0101jas \u201cPlosti\u201d atrodas desmit min\u016b\u0161u brauciena att\u0101lum\u0101 no iecien\u012bt\u0101kajiem t\u016brisma objektiem un skatu viet\u0101m Kandavas novad\u0101. Ja v\u0113lies apvienot romantisku pastaigu un izsmalcin\u0101tas brokastis, aicin\u0101m j\u016bs apmekl\u0113t net\u0101lu eso\u0161\u0101s Kalnmui\u017eas pils restor\u0101nu, kura \u0113dienkartes lepnums ir mui\u017eas d\u0101rzos augu\u0161ie za\u013cumi un aug\u013ci, k\u0101 ar\u012b viet\u0113jie d\u0101rze\u0146i un med\u012bjumi. Br\u012bvdienu m\u0101jas \u201cPlosti\u201d ir lieliska vieta, kur atg\u016bt sp\u0113kus p\u0113c piedz\u012bvojumiem bag\u0101tas dienas, baudot komfortablu atp\u016btu \u0123imenes un draugu lok\u0101. \u0160eit laipni tiek uz\u0146emti ar\u012b j\u016bsu \u010detrk\u0101jainie m\u012blu\u013ci. Lai atp\u016bta visiem kop\u0101 b\u016btu izdevusies!<\/h4>\n\n\n\n<p><\/p>\n","protected":false},"excerpt":{"rendered":"<p>Atkl\u0101jiet \u201cPlostus\u201d no jauna! \u201cPlosti\u201d k\u0101 t\u016brisma un atp\u016btas b\u0101ze s\u0101ka darboties 20.gadsimta 60. gados un toreiz t\u0101s nosaukums bija atrodams ikvien\u0101 Latvijas t\u016brisma ce\u013cved\u012b. Gadiem ejot daudzas lietas ir main\u012bju\u0161\u0101s un ir ar\u012b v\u0113rt\u012bbas, kas ir iztur\u0113ju\u0161as laika p\u0101rbaudi. Esam priec\u012bgi par viesiem, kuri katru gadu iegrie\u017eas \u201cPlostos\u201d, lai baud\u012btu atp\u016btu pie dabas, ainavisko&hellip;<\/p>\n","protected":false},"author":2,"featured_media":335,"parent":0,"menu_order":0,"comment_status":"closed","ping_status":"closed","template":"","meta":[],"_links":{"self":[{"href":"https:\/\/plostihotel.lv\/index.php?rest_route=\/wp\/v2\/pages\/154"}],"collection":[{"href":"https:\/\/plostihotel.lv\/index.php?rest_route=\/wp\/v2\/pages"}],"about":[{"href":"https:\/\/plostihotel.lv\/index.php?rest_route=\/wp\/v2\/types\/page"}],"author":[{"embeddable":true,"href":"https:\/\/plostihotel.lv\/index.php?rest_route=\/wp\/v2\/users\/2"}],"replies":[{"embeddable":true,"href":"https:\/\/plostihotel.lv\/index.php?rest_route=%2Fwp%2Fv2%2Fcomments&post=154"}],"version-history":[{"count":8,"href":"https:\/\/plostihotel.lv\/index.php?rest_route=\/wp\/v2\/pages\/154\/revisions"}],"predecessor-version":[{"id":723,"href":"https:\/\/plostihotel.lv\/index.php?rest_route=\/wp\/v2\/pages\/154\/revisions\/723"}],"wp:featuredmedia":[{"embeddable":true,"href":"https:\/\/plostihotel.lv\/index.php?rest_route=\/wp\/v2\/media\/335"}],"wp:attachment":[{"href":"https:\/\/plostihotel.lv\/index.php?rest_route=%2Fwp%2Fv2%2Fmedia&parent=154"}],"curies":[{"name":"wp","href":"https:\/\/api.w.org\/{rel}","templated":true}]}}