{"id":530,"date":"2020-07-07T08:55:24","date_gmt":"2020-07-07T05:55:24","guid":{"rendered":"https:\/\/plostihotel.lv\/?page_id=530"},"modified":"2021-05-13T13:29:06","modified_gmt":"2021-05-13T10:29:06","slug":"standarta-bungalo","status":"publish","type":"page","link":"https:\/\/plostihotel.lv\/?page_id=530","title":{"rendered":"STANDARTA BUNGALO"},"content":{"rendered":"\n<p class=\"has-medium-font-size\"><strong>Vienas gu\u013camistabas divviet\u012bgs bungalo ar terasi un skatu uz Abavas senleju.<\/strong><\/p>\n\n\n\n<ul class=\"has-normal-font-size\"><li>du\u0161a \/ WC<\/li><li>virtuves st\u016br\u012btis ar ledusskapi, virtuves piederumiem<\/li><li>kondicionieris \/ apsild\u0101ma<\/li><li>atsevi\u0161\u0137a ieeja<\/li><li>WiFi<\/li><li>numuri\u0146\u0101 ir dvie\u013cu komplekts<\/li><\/ul>\n\n\n\n<div class=\"is-layout-flex wp-block-buttons\">\n<div class=\"wp-block-button\"><a class=\"wp-block-button__link has-suki-color-7-color has-suki-color-4-background-color has-text-color has-background\" href=\"https:\/\/www.booking.com\/hotel\/lv\/plosti.lv.html?aid=356980;label=gog235jc-1DCAsoigFCBnBsb3N0aUgaWANoigGIAQGYARq4ARfIAQzYAQPoAQH4AQKIAgGoAgO4ArydkPgFwAIB0gIkYjBjMjdlMzEtNDYzYy00NTI0LWJhNTItMTFmMjY3NTI4MDAz2AIE4AIB;sid=7894c21aa621ec142ba47d93f31bfdc0;age=5&amp;checkin_monthday=19&amp;checkin_year_month=2020-8&amp;checkout_monthday=20&amp;checkout_year_month=2020-8&amp;dist=0&amp;do_availability_check=1&amp;group_adults=2&amp;group_children=1&amp;hp_avform=1&amp;hp_group_set=0&amp;no_rooms=1&amp;origin=hp&amp;sb_price_type=total&amp;src=hotel&amp;tab=1&amp;type=total&amp;#_\" target=\"_blank\" rel=\"noreferrer noopener\"><strong>Rezerv\u0113t<\/strong><\/a><\/div>\n<\/div>\n\n\n\n<div style=\"height:30px\" aria-hidden=\"true\" class=\"wp-block-spacer\"><\/div>\n\n\n\n<figure class=\"is-layout-flex wp-block-gallery-2 wp-block-gallery columns-5 is-cropped\"><ul class=\"blocks-gallery-grid\"><li class=\"blocks-gallery-item\"><figure><a href=\"https:\/\/plostihotel.lv\/wp-content\/uploads\/2020\/07\/kempings_plosti_21.jpg\"><img decoding=\"async\" loading=\"lazy\" width=\"1024\" height=\"720\" src=\"https:\/\/plostihotel.lv\/wp-content\/uploads\/2020\/07\/kempings_plosti_21-1024x720.jpg\" alt=\"\" data-id=\"314\" data-full-url=\"https:\/\/plostihotel.lv\/wp-content\/uploads\/2020\/07\/kempings_plosti_21.jpg\" data-link=\"https:\/\/plostihotel.lv\/?attachment_id=314\" class=\"wp-image-314\" srcset=\"https:\/\/plostihotel.lv\/wp-content\/uploads\/2020\/07\/kempings_plosti_21-1024x720.jpg 1024w, https:\/\/plostihotel.lv\/wp-content\/uploads\/2020\/07\/kempings_plosti_21-300x211.jpg 300w, https:\/\/plostihotel.lv\/wp-content\/uploads\/2020\/07\/kempings_plosti_21-768x540.jpg 768w, https:\/\/plostihotel.lv\/wp-content\/uploads\/2020\/07\/kempings_plosti_21.jpg 1280w\" sizes=\"(max-width: 1024px) 100vw, 1024px\" \/><\/a><\/figure><\/li><li class=\"blocks-gallery-item\"><figure><a href=\"https:\/\/plostihotel.lv\/wp-content\/uploads\/2020\/07\/kempings_plosti_15.jpg\"><img decoding=\"async\" loading=\"lazy\" width=\"1024\" height=\"720\" src=\"https:\/\/plostihotel.lv\/wp-content\/uploads\/2020\/07\/kempings_plosti_15-1024x720.jpg\" alt=\"\" data-id=\"313\" data-full-url=\"https:\/\/plostihotel.lv\/wp-content\/uploads\/2020\/07\/kempings_plosti_15.jpg\" data-link=\"https:\/\/plostihotel.lv\/?attachment_id=313\" class=\"wp-image-313\" srcset=\"https:\/\/plostihotel.lv\/wp-content\/uploads\/2020\/07\/kempings_plosti_15-1024x720.jpg 1024w, https:\/\/plostihotel.lv\/wp-content\/uploads\/2020\/07\/kempings_plosti_15-300x211.jpg 300w, https:\/\/plostihotel.lv\/wp-content\/uploads\/2020\/07\/kempings_plosti_15-768x540.jpg 768w, https:\/\/plostihotel.lv\/wp-content\/uploads\/2020\/07\/kempings_plosti_15.jpg 1280w\" sizes=\"(max-width: 1024px) 100vw, 1024px\" \/><\/a><\/figure><\/li><li class=\"blocks-gallery-item\"><figure><a href=\"https:\/\/plostihotel.lv\/wp-content\/uploads\/2020\/07\/kempings_plosti_12.jpg\"><img decoding=\"async\" loading=\"lazy\" width=\"1024\" height=\"720\" src=\"https:\/\/plostihotel.lv\/wp-content\/uploads\/2020\/07\/kempings_plosti_12-1024x720.jpg\" alt=\"\" data-id=\"310\" data-full-url=\"https:\/\/plostihotel.lv\/wp-content\/uploads\/2020\/07\/kempings_plosti_12.jpg\" data-link=\"https:\/\/plostihotel.lv\/?attachment_id=310\" class=\"wp-image-310\" srcset=\"https:\/\/plostihotel.lv\/wp-content\/uploads\/2020\/07\/kempings_plosti_12-1024x720.jpg 1024w, https:\/\/plostihotel.lv\/wp-content\/uploads\/2020\/07\/kempings_plosti_12-300x211.jpg 300w, https:\/\/plostihotel.lv\/wp-content\/uploads\/2020\/07\/kempings_plosti_12-768x540.jpg 768w, https:\/\/plostihotel.lv\/wp-content\/uploads\/2020\/07\/kempings_plosti_12.jpg 1280w\" sizes=\"(max-width: 1024px) 100vw, 1024px\" \/><\/a><\/figure><\/li><li class=\"blocks-gallery-item\"><figure><a href=\"https:\/\/plostihotel.lv\/wp-content\/uploads\/2020\/07\/kempings_plosti_10.jpg\"><img decoding=\"async\" loading=\"lazy\" width=\"1024\" height=\"720\" src=\"https:\/\/plostihotel.lv\/wp-content\/uploads\/2020\/07\/kempings_plosti_10-1024x720.jpg\" alt=\"\" data-id=\"309\" data-full-url=\"https:\/\/plostihotel.lv\/wp-content\/uploads\/2020\/07\/kempings_plosti_10.jpg\" data-link=\"https:\/\/plostihotel.lv\/?attachment_id=309\" class=\"wp-image-309\" srcset=\"https:\/\/plostihotel.lv\/wp-content\/uploads\/2020\/07\/kempings_plosti_10-1024x720.jpg 1024w, https:\/\/plostihotel.lv\/wp-content\/uploads\/2020\/07\/kempings_plosti_10-300x211.jpg 300w, https:\/\/plostihotel.lv\/wp-content\/uploads\/2020\/07\/kempings_plosti_10-768x540.jpg 768w, https:\/\/plostihotel.lv\/wp-content\/uploads\/2020\/07\/kempings_plosti_10.jpg 1280w\" sizes=\"(max-width: 1024px) 100vw, 1024px\" \/><\/a><\/figure><\/li><li class=\"blocks-gallery-item\"><figure><a href=\"https:\/\/plostihotel.lv\/wp-content\/uploads\/2020\/07\/kempings_plosti_7.jpg\"><img decoding=\"async\" loading=\"lazy\" width=\"1024\" height=\"720\" src=\"https:\/\/plostihotel.lv\/wp-content\/uploads\/2020\/07\/kempings_plosti_7-1024x720.jpg\" alt=\"\" data-id=\"307\" data-full-url=\"https:\/\/plostihotel.lv\/wp-content\/uploads\/2020\/07\/kempings_plosti_7.jpg\" data-link=\"https:\/\/plostihotel.lv\/?attachment_id=307\" class=\"wp-image-307\" srcset=\"https:\/\/plostihotel.lv\/wp-content\/uploads\/2020\/07\/kempings_plosti_7-1024x720.jpg 1024w, https:\/\/plostihotel.lv\/wp-content\/uploads\/2020\/07\/kempings_plosti_7-300x211.jpg 300w, https:\/\/plostihotel.lv\/wp-content\/uploads\/2020\/07\/kempings_plosti_7-768x540.jpg 768w, https:\/\/plostihotel.lv\/wp-content\/uploads\/2020\/07\/kempings_plosti_7.jpg 1280w\" sizes=\"(max-width: 1024px) 100vw, 1024px\" \/><\/a><\/figure><\/li><li class=\"blocks-gallery-item\"><figure><a href=\"https:\/\/plostihotel.lv\/wp-content\/uploads\/2020\/07\/kempings_plosti_1.jpg\"><img decoding=\"async\" loading=\"lazy\" width=\"1024\" height=\"720\" src=\"https:\/\/plostihotel.lv\/wp-content\/uploads\/2020\/07\/kempings_plosti_1-1024x720.jpg\" alt=\"\" data-id=\"305\" data-full-url=\"https:\/\/plostihotel.lv\/wp-content\/uploads\/2020\/07\/kempings_plosti_1.jpg\" data-link=\"https:\/\/plostihotel.lv\/?attachment_id=305\" class=\"wp-image-305\" srcset=\"https:\/\/plostihotel.lv\/wp-content\/uploads\/2020\/07\/kempings_plosti_1-1024x720.jpg 1024w, https:\/\/plostihotel.lv\/wp-content\/uploads\/2020\/07\/kempings_plosti_1-300x211.jpg 300w, https:\/\/plostihotel.lv\/wp-content\/uploads\/2020\/07\/kempings_plosti_1-768x540.jpg 768w, https:\/\/plostihotel.lv\/wp-content\/uploads\/2020\/07\/kempings_plosti_1.jpg 1280w\" sizes=\"(max-width: 1024px) 100vw, 1024px\" \/><\/a><\/figure><\/li><li class=\"blocks-gallery-item\"><figure><a href=\"https:\/\/plostihotel.lv\/wp-content\/uploads\/2020\/07\/kempings_plosti_33.jpg\"><img decoding=\"async\" loading=\"lazy\" width=\"1024\" height=\"720\" src=\"https:\/\/plostihotel.lv\/wp-content\/uploads\/2020\/07\/kempings_plosti_33-1024x720.jpg\" alt=\"\" data-id=\"320\" data-full-url=\"https:\/\/plostihotel.lv\/wp-content\/uploads\/2020\/07\/kempings_plosti_33.jpg\" data-link=\"https:\/\/plostihotel.lv\/?attachment_id=320\" class=\"wp-image-320\" srcset=\"https:\/\/plostihotel.lv\/wp-content\/uploads\/2020\/07\/kempings_plosti_33-1024x720.jpg 1024w, https:\/\/plostihotel.lv\/wp-content\/uploads\/2020\/07\/kempings_plosti_33-300x211.jpg 300w, https:\/\/plostihotel.lv\/wp-content\/uploads\/2020\/07\/kempings_plosti_33-768x540.jpg 768w, https:\/\/plostihotel.lv\/wp-content\/uploads\/2020\/07\/kempings_plosti_33.jpg 1280w\" sizes=\"(max-width: 1024px) 100vw, 1024px\" \/><\/a><\/figure><\/li><li class=\"blocks-gallery-item\"><figure><a href=\"https:\/\/plostihotel.lv\/wp-content\/uploads\/2020\/07\/kempings_plosti_18.jpg\"><img decoding=\"async\" loading=\"lazy\" width=\"1024\" height=\"720\" src=\"https:\/\/plostihotel.lv\/wp-content\/uploads\/2020\/07\/kempings_plosti_18-1024x720.jpg\" alt=\"\" data-id=\"317\" data-full-url=\"https:\/\/plostihotel.lv\/wp-content\/uploads\/2020\/07\/kempings_plosti_18.jpg\" data-link=\"https:\/\/plostihotel.lv\/?attachment_id=317\" class=\"wp-image-317\" srcset=\"https:\/\/plostihotel.lv\/wp-content\/uploads\/2020\/07\/kempings_plosti_18-1024x720.jpg 1024w, https:\/\/plostihotel.lv\/wp-content\/uploads\/2020\/07\/kempings_plosti_18-300x211.jpg 300w, https:\/\/plostihotel.lv\/wp-content\/uploads\/2020\/07\/kempings_plosti_18-768x540.jpg 768w, https:\/\/plostihotel.lv\/wp-content\/uploads\/2020\/07\/kempings_plosti_18.jpg 1280w\" sizes=\"(max-width: 1024px) 100vw, 1024px\" \/><\/a><\/figure><\/li><li class=\"blocks-gallery-item\"><figure><a href=\"https:\/\/plostihotel.lv\/wp-content\/uploads\/2020\/07\/kempings_plosti_22.jpg\"><img decoding=\"async\" loading=\"lazy\" width=\"1024\" height=\"720\" src=\"https:\/\/plostihotel.lv\/wp-content\/uploads\/2020\/07\/kempings_plosti_22-1024x720.jpg\" alt=\"\" data-id=\"315\" data-full-url=\"https:\/\/plostihotel.lv\/wp-content\/uploads\/2020\/07\/kempings_plosti_22.jpg\" data-link=\"https:\/\/plostihotel.lv\/?attachment_id=315\" class=\"wp-image-315\" srcset=\"https:\/\/plostihotel.lv\/wp-content\/uploads\/2020\/07\/kempings_plosti_22-1024x720.jpg 1024w, https:\/\/plostihotel.lv\/wp-content\/uploads\/2020\/07\/kempings_plosti_22-300x211.jpg 300w, https:\/\/plostihotel.lv\/wp-content\/uploads\/2020\/07\/kempings_plosti_22-768x540.jpg 768w, https:\/\/plostihotel.lv\/wp-content\/uploads\/2020\/07\/kempings_plosti_22.jpg 1280w\" sizes=\"(max-width: 1024px) 100vw, 1024px\" \/><\/a><\/figure><\/li><li class=\"blocks-gallery-item\"><figure><a href=\"https:\/\/plostihotel.lv\/wp-content\/uploads\/2020\/07\/kempings_plosti_14.jpg\"><img decoding=\"async\" loading=\"lazy\" width=\"1024\" height=\"720\" src=\"https:\/\/plostihotel.lv\/wp-content\/uploads\/2020\/07\/kempings_plosti_14-1024x720.jpg\" alt=\"\" data-id=\"312\" data-full-url=\"https:\/\/plostihotel.lv\/wp-content\/uploads\/2020\/07\/kempings_plosti_14.jpg\" data-link=\"https:\/\/plostihotel.lv\/?attachment_id=312\" class=\"wp-image-312\" srcset=\"https:\/\/plostihotel.lv\/wp-content\/uploads\/2020\/07\/kempings_plosti_14-1024x720.jpg 1024w, https:\/\/plostihotel.lv\/wp-content\/uploads\/2020\/07\/kempings_plosti_14-300x211.jpg 300w, https:\/\/plostihotel.lv\/wp-content\/uploads\/2020\/07\/kempings_plosti_14-768x540.jpg 768w, https:\/\/plostihotel.lv\/wp-content\/uploads\/2020\/07\/kempings_plosti_14.jpg 1280w\" sizes=\"(max-width: 1024px) 100vw, 1024px\" \/><\/a><\/figure><\/li><li class=\"blocks-gallery-item\"><figure><a href=\"https:\/\/plostihotel.lv\/wp-content\/uploads\/2020\/07\/kempings_plosti_13.jpg\"><img decoding=\"async\" loading=\"lazy\" width=\"1024\" height=\"720\" src=\"https:\/\/plostihotel.lv\/wp-content\/uploads\/2020\/07\/kempings_plosti_13-1024x720.jpg\" alt=\"\" data-id=\"311\" data-full-url=\"https:\/\/plostihotel.lv\/wp-content\/uploads\/2020\/07\/kempings_plosti_13.jpg\" data-link=\"https:\/\/plostihotel.lv\/?attachment_id=311\" class=\"wp-image-311\" srcset=\"https:\/\/plostihotel.lv\/wp-content\/uploads\/2020\/07\/kempings_plosti_13-1024x720.jpg 1024w, https:\/\/plostihotel.lv\/wp-content\/uploads\/2020\/07\/kempings_plosti_13-300x211.jpg 300w, https:\/\/plostihotel.lv\/wp-content\/uploads\/2020\/07\/kempings_plosti_13-768x540.jpg 768w, https:\/\/plostihotel.lv\/wp-content\/uploads\/2020\/07\/kempings_plosti_13.jpg 1280w\" sizes=\"(max-width: 1024px) 100vw, 1024px\" \/><\/a><\/figure><\/li><li class=\"blocks-gallery-item\"><figure><a href=\"https:\/\/plostihotel.lv\/wp-content\/uploads\/2020\/07\/kempings_plosti_9.jpg\"><img decoding=\"async\" loading=\"lazy\" width=\"1024\" height=\"720\" src=\"https:\/\/plostihotel.lv\/wp-content\/uploads\/2020\/07\/kempings_plosti_9-1024x720.jpg\" alt=\"\" data-id=\"308\" data-full-url=\"https:\/\/plostihotel.lv\/wp-content\/uploads\/2020\/07\/kempings_plosti_9.jpg\" data-link=\"https:\/\/plostihotel.lv\/?attachment_id=308\" class=\"wp-image-308\" srcset=\"https:\/\/plostihotel.lv\/wp-content\/uploads\/2020\/07\/kempings_plosti_9-1024x720.jpg 1024w, https:\/\/plostihotel.lv\/wp-content\/uploads\/2020\/07\/kempings_plosti_9-300x211.jpg 300w, https:\/\/plostihotel.lv\/wp-content\/uploads\/2020\/07\/kempings_plosti_9-768x540.jpg 768w, https:\/\/plostihotel.lv\/wp-content\/uploads\/2020\/07\/kempings_plosti_9.jpg 1280w\" sizes=\"(max-width: 1024px) 100vw, 1024px\" \/><\/a><\/figure><\/li><li class=\"blocks-gallery-item\"><figure><a href=\"https:\/\/plostihotel.lv\/wp-content\/uploads\/2020\/07\/kempings_plosti_5.jpg\"><img decoding=\"async\" loading=\"lazy\" width=\"1024\" height=\"720\" src=\"https:\/\/plostihotel.lv\/wp-content\/uploads\/2020\/07\/kempings_plosti_5-1024x720.jpg\" alt=\"\" data-id=\"306\" data-full-url=\"https:\/\/plostihotel.lv\/wp-content\/uploads\/2020\/07\/kempings_plosti_5.jpg\" data-link=\"https:\/\/plostihotel.lv\/?attachment_id=306\" class=\"wp-image-306\" srcset=\"https:\/\/plostihotel.lv\/wp-content\/uploads\/2020\/07\/kempings_plosti_5-1024x720.jpg 1024w, https:\/\/plostihotel.lv\/wp-content\/uploads\/2020\/07\/kempings_plosti_5-300x211.jpg 300w, https:\/\/plostihotel.lv\/wp-content\/uploads\/2020\/07\/kempings_plosti_5-768x540.jpg 768w, https:\/\/plostihotel.lv\/wp-content\/uploads\/2020\/07\/kempings_plosti_5.jpg 1280w\" sizes=\"(max-width: 1024px) 100vw, 1024px\" \/><\/a><\/figure><\/li><li class=\"blocks-gallery-item\"><figure><a href=\"https:\/\/plostihotel.lv\/wp-content\/uploads\/2020\/07\/kempings_plosti_32.jpg\"><img decoding=\"async\" loading=\"lazy\" width=\"720\" height=\"1024\" src=\"https:\/\/plostihotel.lv\/wp-content\/uploads\/2020\/07\/kempings_plosti_32-720x1024.jpg\" alt=\"\" data-id=\"318\" data-full-url=\"https:\/\/plostihotel.lv\/wp-content\/uploads\/2020\/07\/kempings_plosti_32.jpg\" data-link=\"https:\/\/plostihotel.lv\/?attachment_id=318\" class=\"wp-image-318\" srcset=\"https:\/\/plostihotel.lv\/wp-content\/uploads\/2020\/07\/kempings_plosti_32-720x1024.jpg 720w, https:\/\/plostihotel.lv\/wp-content\/uploads\/2020\/07\/kempings_plosti_32-211x300.jpg 211w, https:\/\/plostihotel.lv\/wp-content\/uploads\/2020\/07\/kempings_plosti_32-768x1092.jpg 768w, https:\/\/plostihotel.lv\/wp-content\/uploads\/2020\/07\/kempings_plosti_32.jpg 900w\" sizes=\"(max-width: 720px) 100vw, 720px\" \/><\/a><\/figure><\/li><\/ul><figcaption class=\"blocks-gallery-caption\"><br><br><\/figcaption><\/figure>\n","protected":false},"excerpt":{"rendered":"<p>Vienas gu\u013camistabas divviet\u012bgs bungalo ar terasi un skatu uz Abavas senleju. du\u0161a \/ WC virtuves st\u016br\u012btis ar ledusskapi, virtuves piederumiem kondicionieris \/ apsild\u0101ma atsevi\u0161\u0137a ieeja WiFi numuri\u0146\u0101 ir dvie\u013cu komplekts<\/p>\n","protected":false},"author":2,"featured_media":314,"parent":0,"menu_order":0,"comment_status":"closed","ping_status":"closed","template":"","meta":[],"_links":{"self":[{"href":"https:\/\/plostihotel.lv\/index.php?rest_route=\/wp\/v2\/pages\/530"}],"collection":[{"href":"https:\/\/plostihotel.lv\/index.php?rest_route=\/wp\/v2\/pages"}],"about":[{"href":"https:\/\/plostihotel.lv\/index.php?rest_route=\/wp\/v2\/types\/page"}],"author":[{"embeddable":true,"href":"https:\/\/plostihotel.lv\/index.php?rest_route=\/wp\/v2\/users\/2"}],"replies":[{"embeddable":true,"href":"https:\/\/plostihotel.lv\/index.php?rest_route=%2Fwp%2Fv2%2Fcomments&post=530"}],"version-history":[{"count":10,"href":"https:\/\/plostihotel.lv\/index.php?rest_route=\/wp\/v2\/pages\/530\/revisions"}],"predecessor-version":[{"id":712,"href":"https:\/\/plostihotel.lv\/index.php?rest_route=\/wp\/v2\/pages\/530\/revisions\/712"}],"wp:featuredmedia":[{"embeddable":true,"href":"https:\/\/plostihotel.lv\/index.php?rest_route=\/wp\/v2\/media\/314"}],"wp:attachment":[{"href":"https:\/\/plostihotel.lv\/index.php?rest_route=%2Fwp%2Fv2%2Fmedia&parent=530"}],"curies":[{"name":"wp","href":"https:\/\/api.w.org\/{rel}","templated":true}]}}